{"id":581,"date":"2019-10-09T17:13:28","date_gmt":"2019-10-09T17:13:28","guid":{"rendered":"http:\/\/ibilanguages.flywheelsites.com\/?page_id=581"},"modified":"2025-10-15T20:29:04","modified_gmt":"2025-10-15T20:29:04","slug":"contact","status":"publish","type":"page","link":"https:\/\/www.ibilanguages.com\/en\/contact\/","title":{"rendered":"Contact"},"content":{"rendered":"<div class=\"wpb-content-wrapper\"><p>[vc_row css_animation=&#8221;&#8221; row_type=&#8221;row&#8221; use_row_as_full_screen_section=&#8221;yes&#8221; type=&#8221;full_width&#8221; angled_section=&#8221;no&#8221; text_align=&#8221;left&#8221; background_image_as_pattern=&#8221;without_pattern&#8221; z_index=&#8221;&#8221;][vc_column width=&#8221;1\/2&#8243;][vc_raw_html css=&#8221;&#8221;]JTNDaWZyYW1lJTIwZGF0YS10YWxseS1zcmMlM0QlMjJodHRwcyUzQSUyRiUyRnRhbGx5LnNvJTJGZW1iZWQlMkZtVjJYZ3klM0ZhbGlnbkxlZnQlM0QxJTI2dHJhbnNwYXJlbnRCYWNrZ3JvdW5kJTNEMSUyNmR5bmFtaWNIZWlnaHQlM0QxJTIyJTIwbG9hZGluZyUzRCUyMmxhenklMjIlMjB3aWR0aCUzRCUyMjEwMCUyNSUyMiUyMGhlaWdodCUzRCUyMjEwMCUyMiUyMGZyYW1lYm9yZGVyJTNEJTIyMCUyMiUyMG1hcmdpbmhlaWdodCUzRCUyMjAlMjIlMjBtYXJnaW53aWR0aCUzRCUyMjAlMjIlMjB0aXRsZSUzRCUyMkNvbnRhY3QlMjBJQkklMjBDdWx0dXJlJTIwYW5kJTIwQ29tbXVuaWNhdGlvbiUyMiUzRSUzQyUyRmlmcmFtZSUzRSUwQSUzQ3NjcmlwdCUzRXZhciUyMGQlM0Rkb2N1bWVudCUyQ3clM0QlMjJodHRwcyUzQSUyRiUyRnRhbGx5LnNvJTJGd2lkZ2V0cyUyRmVtYmVkLmpzJTIyJTJDdiUzRGZ1bmN0aW9uJTI4JTI5JTdCJTIydW5kZWZpbmVkJTIyJTIxJTNEdHlwZW9mJTIwVGFsbHklM0ZUYWxseS5sb2FkRW1iZWRzJTI4JTI5JTNBZC5xdWVyeVNlbGVjdG9yQWxsJTI4JTIyaWZyYW1lJTVCZGF0YS10YWxseS1zcmMlNUQlM0Fub3QlMjglNUJzcmMlNUQlMjklMjIlMjkuZm9yRWFjaCUyOCUyOGZ1bmN0aW9uJTI4ZSUyOSU3QmUuc3JjJTNEZS5kYXRhc2V0LnRhbGx5U3JjJTdEJTI5JTI5JTdEJTNCaWYlMjglMjJ1bmRlZmluZWQlMjIlMjElM0R0eXBlb2YlMjBUYWxseSUyOXYlMjglMjklM0JlbHNlJTIwaWYlMjhkLnF1ZXJ5U2VsZWN0b3IlMjglMjdzY3JpcHQlNUJzcmMlM0QlMjIlMjclMkJ3JTJCJTI3JTIyJTVEJTI3JTI5JTNEJTNEbnVsbCUyOSU3QnZhciUyMHMlM0RkLmNyZWF0ZUVsZW1lbnQlMjglMjJzY3JpcHQlMjIlMjklM0JzLnNyYyUzRHclMkNzLm9ubG9hZCUzRHYlMkNzLm9uZXJyb3IlM0R2JTJDZC5ib2R5LmFwcGVuZENoaWxkJTI4cyUyOSUzQiU3RCUzQyUyRnNjcmlwdCUzRQ==[\/vc_raw_html][\/vc_column][vc_column width=&#8221;1\/2&#8243;][vc_gmaps link=&#8221;#E-8_JTNDaWZyYW1lJTIwc3JjJTNEJTIyaHR0cHMlM0ElMkYlMkZ3d3cuZ29vZ2xlLmNvbSUyRm1hcHMlMkZlbWJlZCUzRnBiJTNEJTIxMW0xOCUyMTFtMTIlMjExbTMlMjExZDM3NjIuNjY1NTE4MzA1Nzk5JTIxMmQtOTkuMTk4MDQ0MzQ5NjM3NjglMjEzZDE5LjQyNjg1Mjc0NTgzNDQxMyUyMTJtMyUyMTFmMCUyMTJmMCUyMTNmMCUyMTNtMiUyMTFpMTAyNCUyMTJpNzY4JTIxNGYxMy4xJTIxM20zJTIxMW0yJTIxMXMweDg1ZDFmZjliM2NkYmZlMDklMjUzQTB4ZTM3NzkxNDhmN2VkNDBlZSUyMTJzSUJJJTJCQ3VsdHVyZSUyQmFuZCUyQkNvbW11bmljYXRpb24lMjE1ZTAlMjEzbTIlMjExc2VzLTQxOSUyMTJzbXglMjE0djE1NjU2MzUyMTQ3MTUlMjE1bTIlMjExc2VzLTQxOSUyMTJzbXglMjIlMjB3aWR0aCUzRCUyMjYwMCUyMiUyMGhlaWdodCUzRCUyMjQ1MCUyMiUyMGZyYW1lYm9yZGVyJTNEJTIyMCUyMiUyMHN0eWxlJTNEJTIyYm9yZGVyJTNBMCUyMiUyMGFsbG93ZnVsbHNjcmVlbiUzRSUzQyUyRmlmcmFtZSUzRQ==&#8221;][\/vc_column][\/vc_row][vc_row css_animation=&#8221;&#8221; row_type=&#8221;row&#8221; use_row_as_full_screen_section=&#8221;no&#8221; type=&#8221;full_width&#8221; angled_section=&#8221;no&#8221; text_align=&#8221;center&#8221; background_image_as_pattern=&#8221;without_pattern&#8221; css=&#8221;.vc_custom_1565638834050{padding-top: 30px !important;padding-bottom: 50px !important;}&#8221; z_index=&#8221;&#8221;][vc_column width=&#8221;1\/3&#8243;]<div class='q_icon_with_title small circle center '><div class=\"icon_holder \" style=\" \"><span data-icon-type=\"circle\" data-icon-hover-color=\"#ffffff\"  class=\"qode_iwt_icon_holder fa-stack fa-2x  \" style=\"border-color: #223a5e;\"><i class=\"qode_icon_font_awesome fa fa-map-marker qode_iwt_icon_element\" style=\"color: #223a5e;\" ><\/i><\/span><\/div><div class=\"icon_text_holder\" style=\"\"><div class=\"icon_text_inner\" style=\"\"><h5 class=\"icon_title\" style=\"color: #223a5e;\">Location<\/h5><div class=\"separator small left\" style=\"height: 2px;width: 20px;margin-top: 2px;\"><\/div><p style=''>IBI Culture and Communication c\/o The Hyatt Business Centre, Hotel Hyatt Regency Mexico City, Campos El\u00edseos 204, 1er Piso. Col. Polanco IV Secci\u00f3n, Alc. Miguel Hidalgo, C.P. 11560. Ciudad de M\u00e9xico, M\u00e9xico<\/p><\/div><\/div><\/div>[vc_empty_space][\/vc_column][vc_column width=&#8221;1\/3&#8243;]<div class='q_icon_with_title small circle center '><div class=\"icon_holder \" style=\" \"><span data-icon-type=\"circle\" data-icon-hover-color=\"#ffffff\"  class=\"qode_iwt_icon_holder fa-stack fa-2x  \" style=\"border-color: #223a5e;\"><i class=\"qode_icon_font_awesome fa fa-phone qode_iwt_icon_element\" style=\"color: #223a5e;\" ><\/i><\/span><\/div><div class=\"icon_text_holder\" style=\"\"><div class=\"icon_text_inner\" style=\"\"><h5 class=\"icon_title\" style=\"color: #223a5e;\">Telephone<\/h5><div class=\"separator small left\" style=\"height: 2px;width: 20px;margin-top: 2px;\"><\/div><p style=''>+52 55 5281 6963<br \/>\n+52 55 5083 1202<\/p><\/div><\/div><\/div>[vc_empty_space][\/vc_column][vc_column width=&#8221;1\/3&#8243;]<div class='q_icon_with_title small circle center '><div class=\"icon_holder \" style=\" \"><span data-icon-type=\"circle\" data-icon-hover-color=\"#ffffff\"  class=\"qode_iwt_icon_holder fa-stack fa-2x  \" style=\"border-color: #223a5e;\"><i class=\"qode_icon_font_awesome fa fa-envelope qode_iwt_icon_element\" style=\"color: #223a5e;\" ><\/i><\/span><\/div><div class=\"icon_text_holder\" style=\"\"><div class=\"icon_text_inner\" style=\"\"><h5 class=\"icon_title\" style=\"color: #223a5e;\">E-mail<\/h5><div class=\"separator small left\" style=\"height: 2px;width: 20px;margin-top: 2px;\"><\/div><p style=''><\/p><a itemprop='url' class='icon_with_title_link' href='mailto:welcome@ibilanguages.com' target='_self' style='color: #223a5e;'>welcome@ibilanguages.com<\/a><\/div><\/div><\/div>[vc_empty_space][\/vc_column][\/vc_row]<\/p>\n<\/div>","protected":false},"excerpt":{"rendered":"<p>[vc_row css_animation=&#8221;&#8221; row_type=&#8221;row&#8221; use_row_as_full_screen_section=&#8221;yes&#8221; type=&#8221;full_width&#8221; angled_section=&#8221;no&#8221; text_align=&#8221;left&#8221; background_image_as_pattern=&#8221;without_pattern&#8221; z_index=&#8221;&#8221;][vc_column width=&#8221;1\/2&#8243;][vc_raw_html css=&#8221;&#8221;]JTNDaWZyYW1lJTIwZGF0YS10YWxseS1zcmMlM0QlMjJodHRwcyUzQSUyRiUyRnRhbGx5LnNvJTJGZW1iZWQlMkZtVjJYZ3klM0ZhbGlnbkxlZnQlM0QxJTI2dHJhbnNwYXJlbnRCYWNrZ3JvdW5kJTNEMSUyNmR5bmFtaWNIZWlnaHQlM0QxJTIyJTIwbG9hZGluZyUzRCUyMmxhenklMjIlMjB3aWR0aCUzRCUyMjEwMCUyNSUyMiUyMGhlaWdodCUzRCUyMjEwMCUyMiUyMGZyYW1lYm9yZGVyJTNEJTIyMCUyMiUyMG1hcmdpbmhlaWdodCUzRCUyMjAlMjIlMjBtYXJnaW53aWR0aCUzRCUyMjAlMjIlMjB0aXRsZSUzRCUyMkNvbnRhY3QlMjBJQkklMjBDdWx0dXJlJTIwYW5kJTIwQ29tbXVuaWNhdGlvbiUyMiUzRSUzQyUyRmlmcmFtZSUzRSUwQSUzQ3NjcmlwdCUzRXZhciUyMGQlM0Rkb2N1bWVudCUyQ3clM0QlMjJodHRwcyUzQSUyRiUyRnRhbGx5LnNvJTJGd2lkZ2V0cyUyRmVtYmVkLmpzJTIyJTJDdiUzRGZ1bmN0aW9uJTI4JTI5JTdCJTIydW5kZWZpbmVkJTIyJTIxJTNEdHlwZW9mJTIwVGFsbHklM0ZUYWxseS5sb2FkRW1iZWRzJTI4JTI5JTNBZC5xdWVyeVNlbGVjdG9yQWxsJTI4JTIyaWZyYW1lJTVCZGF0YS10YWxseS1zcmMlNUQlM0Fub3QlMjglNUJzcmMlNUQlMjklMjIlMjkuZm9yRWFjaCUyOCUyOGZ1bmN0aW9uJTI4ZSUyOSU3QmUuc3JjJTNEZS5kYXRhc2V0LnRhbGx5U3JjJTdEJTI5JTI5JTdEJTNCaWYlMjglMjJ1bmRlZmluZWQlMjIlMjElM0R0eXBlb2YlMjBUYWxseSUyOXYlMjglMjklM0JlbHNlJTIwaWYlMjhkLnF1ZXJ5U2VsZWN0b3IlMjglMjdzY3JpcHQlNUJzcmMlM0QlMjIlMjclMkJ3JTJCJTI3JTIyJTVEJTI3JTI5JTNEJTNEbnVsbCUyOSU3QnZhciUyMHMlM0RkLmNyZWF0ZUVsZW1lbnQlMjglMjJzY3JpcHQlMjIlMjklM0JzLnNyYyUzRHclMkNzLm9ubG9hZCUzRHYlMkNzLm9uZXJyb3IlM0R2JTJDZC5ib2R5LmFwcGVuZENoaWxkJTI4cyUyOSUzQiU3RCUzQyUyRnNjcmlwdCUzRQ==[\/vc_raw_html][\/vc_column][vc_column width=&#8221;1\/2&#8243;][vc_gmaps link=&#8221;#E-8_JTNDaWZyYW1lJTIwc3JjJTNEJTIyaHR0cHMlM0ElMkYlMkZ3d3cuZ29vZ2xlLmNvbSUyRm1hcHMlMkZlbWJlZCUzRnBiJTNEJTIxMW0xOCUyMTFtMTIlMjExbTMlMjExZDM3NjIuNjY1NTE4MzA1Nzk5JTIxMmQtOTkuMTk4MDQ0MzQ5NjM3NjglMjEzZDE5LjQyNjg1Mjc0NTgzNDQxMyUyMTJtMyUyMTFmMCUyMTJmMCUyMTNmMCUyMTNtMiUyMTFpMTAyNCUyMTJpNzY4JTIxNGYxMy4xJTIxM20zJTIxMW0yJTIxMXMweDg1ZDFmZjliM2NkYmZlMDklMjUzQTB4ZTM3NzkxNDhmN2VkNDBlZSUyMTJzSUJJJTJCQ3VsdHVyZSUyQmFuZCUyQkNvbW11bmljYXRpb24lMjE1ZTAlMjEzbTIlMjExc2VzLTQxOSUyMTJzbXglMjE0djE1NjU2MzUyMTQ3MTUlMjE1bTIlMjExc2VzLTQxOSUyMTJzbXglMjIlMjB3aWR0aCUzRCUyMjYwMCUyMiUyMGhlaWdodCUzRCUyMjQ1MCUyMiUyMGZyYW1lYm9yZGVyJTNEJTIyMCUyMiUyMHN0eWxlJTNEJTIyYm9yZGVyJTNBMCUyMiUyMGFsbG93ZnVsbHNjcmVlbiUzRSUzQyUyRmlmcmFtZSUzRQ==&#8221;][\/vc_column][\/vc_row][vc_row css_animation=&#8221;&#8221; row_type=&#8221;row&#8221; use_row_as_full_screen_section=&#8221;no&#8221; type=&#8221;full_width&#8221; angled_section=&#8221;no&#8221; text_align=&#8221;center&#8221; background_image_as_pattern=&#8221;without_pattern&#8221; css=&#8221;.vc_custom_1565638834050{padding-top: 30px !important;padding-bottom: 50px !important;}&#8221; z_index=&#8221;&#8221;][vc_column width=&#8221;1\/3&#8243;][vc_empty_space][\/vc_column][vc_column width=&#8221;1\/3&#8243;][vc_empty_space][\/vc_column][vc_column width=&#8221;1\/3&#8243;][vc_empty_space][\/vc_column][\/vc_row]<\/p>\n","protected":false},"author":1,"featured_media":0,"parent":0,"menu_order":0,"comment_status":"closed","ping_status":"closed","template":"","meta":{"footnotes":""},"class_list":["post-581","page","type-page","status-publish","hentry"],"yoast_head":"<!-- This site is optimized with the Yoast SEO plugin v27.3 - https:\/\/yoast.com\/product\/yoast-seo-wordpress\/ -->\n<title>Contact - IBI Languages<\/title>\n<meta name=\"robots\" content=\"index, follow, max-snippet:-1, max-image-preview:large, max-video-preview:-1\" \/>\n<link rel=\"canonical\" href=\"https:\/\/www.ibilanguages.com\/en\/contact\/\" \/>\n<meta property=\"og:locale\" content=\"en_US\" \/>\n<meta property=\"og:type\" content=\"article\" \/>\n<meta property=\"og:title\" content=\"Contact - IBI Languages\" \/>\n<meta property=\"og:description\" content=\"[vc_row css_animation=&#8221;&#8221; row_type=&#8221;row&#8221; use_row_as_full_screen_section=&#8221;yes&#8221; type=&#8221;full_width&#8221; angled_section=&#8221;no&#8221; text_align=&#8221;left&#8221; background_image_as_pattern=&#8221;without_pattern&#8221; z_index=&#8221;&#8221;][vc_column width=&#8221;1\/2&#8243;][vc_raw_html css=&#8221;&#8221;]JTNDaWZyYW1lJTIwZGF0YS10YWxseS1zcmMlM0QlMjJodHRwcyUzQSUyRiUyRnRhbGx5LnNvJTJGZW1iZWQlMkZtVjJYZ3klM0ZhbGlnbkxlZnQlM0QxJTI2dHJhbnNwYXJlbnRCYWNrZ3JvdW5kJTNEMSUyNmR5bmFtaWNIZWlnaHQlM0QxJTIyJTIwbG9hZGluZyUzRCUyMmxhenklMjIlMjB3aWR0aCUzRCUyMjEwMCUyNSUyMiUyMGhlaWdodCUzRCUyMjEwMCUyMiUyMGZyYW1lYm9yZGVyJTNEJTIyMCUyMiUyMG1hcmdpbmhlaWdodCUzRCUyMjAlMjIlMjBtYXJnaW53aWR0aCUzRCUyMjAlMjIlMjB0aXRsZSUzRCUyMkNvbnRhY3QlMjBJQkklMjBDdWx0dXJlJTIwYW5kJTIwQ29tbXVuaWNhdGlvbiUyMiUzRSUzQyUyRmlmcmFtZSUzRSUwQSUzQ3NjcmlwdCUzRXZhciUyMGQlM0Rkb2N1bWVudCUyQ3clM0QlMjJodHRwcyUzQSUyRiUyRnRhbGx5LnNvJTJGd2lkZ2V0cyUyRmVtYmVkLmpzJTIyJTJDdiUzRGZ1bmN0aW9uJTI4JTI5JTdCJTIydW5kZWZpbmVkJTIyJTIxJTNEdHlwZW9mJTIwVGFsbHklM0ZUYWxseS5sb2FkRW1iZWRzJTI4JTI5JTNBZC5xdWVyeVNlbGVjdG9yQWxsJTI4JTIyaWZyYW1lJTVCZGF0YS10YWxseS1zcmMlNUQlM0Fub3QlMjglNUJzcmMlNUQlMjklMjIlMjkuZm9yRWFjaCUyOCUyOGZ1bmN0aW9uJTI4ZSUyOSU3QmUuc3JjJTNEZS5kYXRhc2V0LnRhbGx5U3JjJTdEJTI5JTI5JTdEJTNCaWYlMjglMjJ1bmRlZmluZWQlMjIlMjElM0R0eXBlb2YlMjBUYWxseSUyOXYlMjglMjklM0JlbHNlJTIwaWYlMjhkLnF1ZXJ5U2VsZWN0b3IlMjglMjdzY3JpcHQlNUJzcmMlM0QlMjIlMjclMkJ3JTJCJTI3JTIyJTVEJTI3JTI5JTNEJTNEbnVsbCUyOSU3QnZhciUyMHMlM0RkLmNyZWF0ZUVsZW1lbnQlMjglMjJzY3JpcHQlMjIlMjklM0JzLnNyYyUzRHclMkNzLm9ubG9hZCUzRHYlMkNzLm9uZXJyb3IlM0R2JTJDZC5ib2R5LmFwcGVuZENoaWxkJTI4cyUyOSUzQiU3RCUzQyUyRnNjcmlwdCUzRQ==[\/vc_raw_html][\/vc_column][vc_column width=&#8221;1\/2&#8243;][vc_gmaps link=&#8221;#E-8_JTNDaWZyYW1lJTIwc3JjJTNEJTIyaHR0cHMlM0ElMkYlMkZ3d3cuZ29vZ2xlLmNvbSUyRm1hcHMlMkZlbWJlZCUzRnBiJTNEJTIxMW0xOCUyMTFtMTIlMjExbTMlMjExZDM3NjIuNjY1NTE4MzA1Nzk5JTIxMmQtOTkuMTk4MDQ0MzQ5NjM3NjglMjEzZDE5LjQyNjg1Mjc0NTgzNDQxMyUyMTJtMyUyMTFmMCUyMTJmMCUyMTNmMCUyMTNtMiUyMTFpMTAyNCUyMTJpNzY4JTIxNGYxMy4xJTIxM20zJTIxMW0yJTIxMXMweDg1ZDFmZjliM2NkYmZlMDklMjUzQTB4ZTM3NzkxNDhmN2VkNDBlZSUyMTJzSUJJJTJCQ3VsdHVyZSUyQmFuZCUyQkNvbW11bmljYXRpb24lMjE1ZTAlMjEzbTIlMjExc2VzLTQxOSUyMTJzbXglMjE0djE1NjU2MzUyMTQ3MTUlMjE1bTIlMjExc2VzLTQxOSUyMTJzbXglMjIlMjB3aWR0aCUzRCUyMjYwMCUyMiUyMGhlaWdodCUzRCUyMjQ1MCUyMiUyMGZyYW1lYm9yZGVyJTNEJTIyMCUyMiUyMHN0eWxlJTNEJTIyYm9yZGVyJTNBMCUyMiUyMGFsbG93ZnVsbHNjcmVlbiUzRSUzQyUyRmlmcmFtZSUzRQ==&#8221;][\/vc_column][\/vc_row][vc_row css_animation=&#8221;&#8221; row_type=&#8221;row&#8221; use_row_as_full_screen_section=&#8221;no&#8221; type=&#8221;full_width&#8221; angled_section=&#8221;no&#8221; text_align=&#8221;center&#8221; background_image_as_pattern=&#8221;without_pattern&#8221; css=&#8221;.vc_custom_1565638834050{padding-top: 30px !important;padding-bottom: 50px !important;}&#8221; z_index=&#8221;&#8221;][vc_column width=&#8221;1\/3&#8243;][vc_empty_space][\/vc_column][vc_column width=&#8221;1\/3&#8243;][vc_empty_space][\/vc_column][vc_column width=&#8221;1\/3&#8243;][vc_empty_space][\/vc_column][\/vc_row]\" \/>\n<meta property=\"og:url\" content=\"https:\/\/www.ibilanguages.com\/en\/contact\/\" \/>\n<meta property=\"og:site_name\" content=\"IBI Languages\" \/>\n<meta property=\"article:modified_time\" content=\"2025-10-15T20:29:04+00:00\" \/>\n<meta name=\"twitter:card\" content=\"summary_large_image\" \/>\n<meta name=\"twitter:label1\" content=\"Est. reading time\" \/>\n\t<meta name=\"twitter:data1\" content=\"1 minute\" \/>\n<script type=\"application\/ld+json\" class=\"yoast-schema-graph\">{\"@context\":\"https:\\\/\\\/schema.org\",\"@graph\":[{\"@type\":\"WebPage\",\"@id\":\"https:\\\/\\\/www.ibilanguages.com\\\/en\\\/contact\\\/\",\"url\":\"https:\\\/\\\/www.ibilanguages.com\\\/en\\\/contact\\\/\",\"name\":\"Contact - IBI Languages\",\"isPartOf\":{\"@id\":\"https:\\\/\\\/www.ibilanguages.com\\\/en\\\/#website\"},\"datePublished\":\"2019-10-09T17:13:28+00:00\",\"dateModified\":\"2025-10-15T20:29:04+00:00\",\"breadcrumb\":{\"@id\":\"https:\\\/\\\/www.ibilanguages.com\\\/en\\\/contact\\\/#breadcrumb\"},\"inLanguage\":\"en-US\",\"potentialAction\":[{\"@type\":\"ReadAction\",\"target\":[\"https:\\\/\\\/www.ibilanguages.com\\\/en\\\/contact\\\/\"]}]},{\"@type\":\"BreadcrumbList\",\"@id\":\"https:\\\/\\\/www.ibilanguages.com\\\/en\\\/contact\\\/#breadcrumb\",\"itemListElement\":[{\"@type\":\"ListItem\",\"position\":1,\"name\":\"Portada\",\"item\":\"https:\\\/\\\/www.ibilanguages.com\\\/en\\\/\"},{\"@type\":\"ListItem\",\"position\":2,\"name\":\"Contact\"}]},{\"@type\":\"WebSite\",\"@id\":\"https:\\\/\\\/www.ibilanguages.com\\\/en\\\/#website\",\"url\":\"https:\\\/\\\/www.ibilanguages.com\\\/en\\\/\",\"name\":\"IBI Languages\",\"description\":\"Culture and Communication\",\"potentialAction\":[{\"@type\":\"SearchAction\",\"target\":{\"@type\":\"EntryPoint\",\"urlTemplate\":\"https:\\\/\\\/www.ibilanguages.com\\\/en\\\/?s={search_term_string}\"},\"query-input\":{\"@type\":\"PropertyValueSpecification\",\"valueRequired\":true,\"valueName\":\"search_term_string\"}}],\"inLanguage\":\"en-US\"}]}<\/script>\n<!-- \/ Yoast SEO plugin. -->","yoast_head_json":{"title":"Contact - IBI Languages","robots":{"index":"index","follow":"follow","max-snippet":"max-snippet:-1","max-image-preview":"max-image-preview:large","max-video-preview":"max-video-preview:-1"},"canonical":"https:\/\/www.ibilanguages.com\/en\/contact\/","og_locale":"en_US","og_type":"article","og_title":"Contact - IBI Languages","og_description":"[vc_row css_animation=&#8221;&#8221; row_type=&#8221;row&#8221; use_row_as_full_screen_section=&#8221;yes&#8221; type=&#8221;full_width&#8221; angled_section=&#8221;no&#8221; text_align=&#8221;left&#8221; background_image_as_pattern=&#8221;without_pattern&#8221; z_index=&#8221;&#8221;][vc_column width=&#8221;1\/2&#8243;][vc_raw_html css=&#8221;&#8221;]JTNDaWZyYW1lJTIwZGF0YS10YWxseS1zcmMlM0QlMjJodHRwcyUzQSUyRiUyRnRhbGx5LnNvJTJGZW1iZWQlMkZtVjJYZ3klM0ZhbGlnbkxlZnQlM0QxJTI2dHJhbnNwYXJlbnRCYWNrZ3JvdW5kJTNEMSUyNmR5bmFtaWNIZWlnaHQlM0QxJTIyJTIwbG9hZGluZyUzRCUyMmxhenklMjIlMjB3aWR0aCUzRCUyMjEwMCUyNSUyMiUyMGhlaWdodCUzRCUyMjEwMCUyMiUyMGZyYW1lYm9yZGVyJTNEJTIyMCUyMiUyMG1hcmdpbmhlaWdodCUzRCUyMjAlMjIlMjBtYXJnaW53aWR0aCUzRCUyMjAlMjIlMjB0aXRsZSUzRCUyMkNvbnRhY3QlMjBJQkklMjBDdWx0dXJlJTIwYW5kJTIwQ29tbXVuaWNhdGlvbiUyMiUzRSUzQyUyRmlmcmFtZSUzRSUwQSUzQ3NjcmlwdCUzRXZhciUyMGQlM0Rkb2N1bWVudCUyQ3clM0QlMjJodHRwcyUzQSUyRiUyRnRhbGx5LnNvJTJGd2lkZ2V0cyUyRmVtYmVkLmpzJTIyJTJDdiUzRGZ1bmN0aW9uJTI4JTI5JTdCJTIydW5kZWZpbmVkJTIyJTIxJTNEdHlwZW9mJTIwVGFsbHklM0ZUYWxseS5sb2FkRW1iZWRzJTI4JTI5JTNBZC5xdWVyeVNlbGVjdG9yQWxsJTI4JTIyaWZyYW1lJTVCZGF0YS10YWxseS1zcmMlNUQlM0Fub3QlMjglNUJzcmMlNUQlMjklMjIlMjkuZm9yRWFjaCUyOCUyOGZ1bmN0aW9uJTI4ZSUyOSU3QmUuc3JjJTNEZS5kYXRhc2V0LnRhbGx5U3JjJTdEJTI5JTI5JTdEJTNCaWYlMjglMjJ1bmRlZmluZWQlMjIlMjElM0R0eXBlb2YlMjBUYWxseSUyOXYlMjglMjklM0JlbHNlJTIwaWYlMjhkLnF1ZXJ5U2VsZWN0b3IlMjglMjdzY3JpcHQlNUJzcmMlM0QlMjIlMjclMkJ3JTJCJTI3JTIyJTVEJTI3JTI5JTNEJTNEbnVsbCUyOSU3QnZhciUyMHMlM0RkLmNyZWF0ZUVsZW1lbnQlMjglMjJzY3JpcHQlMjIlMjklM0JzLnNyYyUzRHclMkNzLm9ubG9hZCUzRHYlMkNzLm9uZXJyb3IlM0R2JTJDZC5ib2R5LmFwcGVuZENoaWxkJTI4cyUyOSUzQiU3RCUzQyUyRnNjcmlwdCUzRQ==[\/vc_raw_html][\/vc_column][vc_column width=&#8221;1\/2&#8243;][vc_gmaps link=&#8221;#E-8_JTNDaWZyYW1lJTIwc3JjJTNEJTIyaHR0cHMlM0ElMkYlMkZ3d3cuZ29vZ2xlLmNvbSUyRm1hcHMlMkZlbWJlZCUzRnBiJTNEJTIxMW0xOCUyMTFtMTIlMjExbTMlMjExZDM3NjIuNjY1NTE4MzA1Nzk5JTIxMmQtOTkuMTk4MDQ0MzQ5NjM3NjglMjEzZDE5LjQyNjg1Mjc0NTgzNDQxMyUyMTJtMyUyMTFmMCUyMTJmMCUyMTNmMCUyMTNtMiUyMTFpMTAyNCUyMTJpNzY4JTIxNGYxMy4xJTIxM20zJTIxMW0yJTIxMXMweDg1ZDFmZjliM2NkYmZlMDklMjUzQTB4ZTM3NzkxNDhmN2VkNDBlZSUyMTJzSUJJJTJCQ3VsdHVyZSUyQmFuZCUyQkNvbW11bmljYXRpb24lMjE1ZTAlMjEzbTIlMjExc2VzLTQxOSUyMTJzbXglMjE0djE1NjU2MzUyMTQ3MTUlMjE1bTIlMjExc2VzLTQxOSUyMTJzbXglMjIlMjB3aWR0aCUzRCUyMjYwMCUyMiUyMGhlaWdodCUzRCUyMjQ1MCUyMiUyMGZyYW1lYm9yZGVyJTNEJTIyMCUyMiUyMHN0eWxlJTNEJTIyYm9yZGVyJTNBMCUyMiUyMGFsbG93ZnVsbHNjcmVlbiUzRSUzQyUyRmlmcmFtZSUzRQ==&#8221;][\/vc_column][\/vc_row][vc_row css_animation=&#8221;&#8221; row_type=&#8221;row&#8221; use_row_as_full_screen_section=&#8221;no&#8221; type=&#8221;full_width&#8221; angled_section=&#8221;no&#8221; text_align=&#8221;center&#8221; background_image_as_pattern=&#8221;without_pattern&#8221; css=&#8221;.vc_custom_1565638834050{padding-top: 30px !important;padding-bottom: 50px !important;}&#8221; z_index=&#8221;&#8221;][vc_column width=&#8221;1\/3&#8243;][vc_empty_space][\/vc_column][vc_column width=&#8221;1\/3&#8243;][vc_empty_space][\/vc_column][vc_column width=&#8221;1\/3&#8243;][vc_empty_space][\/vc_column][\/vc_row]","og_url":"https:\/\/www.ibilanguages.com\/en\/contact\/","og_site_name":"IBI Languages","article_modified_time":"2025-10-15T20:29:04+00:00","twitter_card":"summary_large_image","twitter_misc":{"Est. reading time":"1 minute"},"schema":{"@context":"https:\/\/schema.org","@graph":[{"@type":"WebPage","@id":"https:\/\/www.ibilanguages.com\/en\/contact\/","url":"https:\/\/www.ibilanguages.com\/en\/contact\/","name":"Contact - IBI Languages","isPartOf":{"@id":"https:\/\/www.ibilanguages.com\/en\/#website"},"datePublished":"2019-10-09T17:13:28+00:00","dateModified":"2025-10-15T20:29:04+00:00","breadcrumb":{"@id":"https:\/\/www.ibilanguages.com\/en\/contact\/#breadcrumb"},"inLanguage":"en-US","potentialAction":[{"@type":"ReadAction","target":["https:\/\/www.ibilanguages.com\/en\/contact\/"]}]},{"@type":"BreadcrumbList","@id":"https:\/\/www.ibilanguages.com\/en\/contact\/#breadcrumb","itemListElement":[{"@type":"ListItem","position":1,"name":"Portada","item":"https:\/\/www.ibilanguages.com\/en\/"},{"@type":"ListItem","position":2,"name":"Contact"}]},{"@type":"WebSite","@id":"https:\/\/www.ibilanguages.com\/en\/#website","url":"https:\/\/www.ibilanguages.com\/en\/","name":"IBI Languages","description":"Culture and Communication","potentialAction":[{"@type":"SearchAction","target":{"@type":"EntryPoint","urlTemplate":"https:\/\/www.ibilanguages.com\/en\/?s={search_term_string}"},"query-input":{"@type":"PropertyValueSpecification","valueRequired":true,"valueName":"search_term_string"}}],"inLanguage":"en-US"}]}},"_links":{"self":[{"href":"https:\/\/www.ibilanguages.com\/en\/wp-json\/wp\/v2\/pages\/581","targetHints":{"allow":["GET"]}}],"collection":[{"href":"https:\/\/www.ibilanguages.com\/en\/wp-json\/wp\/v2\/pages"}],"about":[{"href":"https:\/\/www.ibilanguages.com\/en\/wp-json\/wp\/v2\/types\/page"}],"author":[{"embeddable":true,"href":"https:\/\/www.ibilanguages.com\/en\/wp-json\/wp\/v2\/users\/1"}],"replies":[{"embeddable":true,"href":"https:\/\/www.ibilanguages.com\/en\/wp-json\/wp\/v2\/comments?post=581"}],"version-history":[{"count":12,"href":"https:\/\/www.ibilanguages.com\/en\/wp-json\/wp\/v2\/pages\/581\/revisions"}],"predecessor-version":[{"id":2526,"href":"https:\/\/www.ibilanguages.com\/en\/wp-json\/wp\/v2\/pages\/581\/revisions\/2526"}],"wp:attachment":[{"href":"https:\/\/www.ibilanguages.com\/en\/wp-json\/wp\/v2\/media?parent=581"}],"curies":[{"name":"wp","href":"https:\/\/api.w.org\/{rel}","templated":true}]}}