{"id":644,"date":"2019-10-09T22:08:55","date_gmt":"2019-10-09T22:08:55","guid":{"rendered":"http:\/\/ibilanguages.flywheelsites.com\/?page_id=644"},"modified":"2021-05-25T17:53:16","modified_gmt":"2021-05-25T17:53:16","slug":"privacy-notice","status":"publish","type":"page","link":"https:\/\/www.ibilanguages.com\/en\/privacy-notice\/","title":{"rendered":"Privacy Notice"},"content":{"rendered":"<div class=\"wpb-content-wrapper\"><p>[vc_row css_animation=&#8221;&#8221; row_type=&#8221;row&#8221; use_row_as_full_screen_section=&#8221;no&#8221; type=&#8221;full_width&#8221; angled_section=&#8221;no&#8221; text_align=&#8221;left&#8221; background_image_as_pattern=&#8221;without_pattern&#8221; css=&#8221;.vc_custom_1565215223018{padding-top: 30px !important;padding-bottom: 30px !important;}&#8221; z_index=&#8221;&#8221;][vc_column][vc_column_text]Instituto Brit\u00e1nico de Idiomas, S.C. -IBI Culture and Communication- located at IBI Culture and Communication c\/o The Hyatt Business Centre, Hotel Hyatt Regency Mexico City, Campos El\u00edseos 204, 1er Piso. Col. Polanco IV Secci\u00f3n, Alc. Miguel Hidalgo, C.P. 11560. Ciudad de M\u00e9xico, M\u00e9xico., is responsible for collecting your personal information and for the use given to it, as well as for its protection.[\/vc_column_text][vc_empty_space][vc_column_text]Your personal information will be used to provide the products and \/ or services that you have requested, to inform you about any changes on them and to evaluate the quality of service that we offer you. For the above mentioned purposes, we require to obtain the following information: Name, Land-line telephone number, Mobile number, E-mail address and Fiscal information.[\/vc_column_text][vc_empty_space][vc_column_text]You are entitled to access, rectify or cancel your personal information, as well as to oppose to the use of them or withdraw your consent for them to be used for the purpose you have granted, through the procedure that we have implemented for that end. In order to learn about such procedures, the requirements and terms, you can contact our personal information department at IBI Culture and Communication c\/o The Hyatt Business Centre, Hotel Hyatt Regency Mexico City, Campos El\u00edseos 204, 1er Piso. Col. Polanco IV Secci\u00f3n, Alc. Miguel Hidalgo, C.P. 11560. Ciudad de M\u00e9xico, M\u00e9xico., telephone (52) 5281 6963, e-mail address <a href=\"mailto:info@ibilanguages.com\">info@ibilanguages.com<\/a>\u00a0or visit our internet website at \u00a0<a href=\"https:\/\/www.ibilanguages.com\">https:\/\/www.ibilanguages.com<\/a>[\/vc_column_text][vc_empty_space][vc_column_text]Likewise, hereby, we inform that your personal information will not be neither transferred nor dealt with in or out of the country, by any person alien to this company. [\/vc_column_text][vc_empty_space][vc_column_text]On that line, your information will not be shared with any other institution. However, should you not express your disagreement to your personal information being transferred, it will be understood that you have granted your consent to it. If you wish to stop receiving our promotional messages you may request so on telephone number 55 5281 6963 or e-mail address <a href=\"mailto:info@ibilanguages.com\">info@ibilanguages.com<\/a>.[\/vc_column_text][vc_empty_space][vc_column_text]Any modification to this privacy notice can be found at: <a href=\"https:\/\/www.ibilanguages.com\/cursosdeidiomas\/privacidad\" target=\"_blank\" rel=\"noopener noreferrer\">https:\/\/www.ibilanguages.com\/cursosdeidiomas\/privacidad<\/a>.[\/vc_column_text][vc_empty_space][\/vc_column][\/vc_row]<\/p>\n<\/div>","protected":false},"excerpt":{"rendered":"<p>[vc_row css_animation=&#8221;&#8221; row_type=&#8221;row&#8221; use_row_as_full_screen_section=&#8221;no&#8221; type=&#8221;full_width&#8221; angled_section=&#8221;no&#8221; text_align=&#8221;left&#8221; background_image_as_pattern=&#8221;without_pattern&#8221; css=&#8221;.vc_custom_1565215223018{padding-top: 30px !important;padding-bottom: 30px !important;}&#8221; z_index=&#8221;&#8221;][vc_column][vc_column_text]Instituto Brit\u00e1nico de Idiomas, S.C. -IBI Culture and Communication- located at IBI Culture and Communication c\/o The Hyatt Business Centre, Hotel Hyatt Regency Mexico City, Campos El\u00edseos 204, 1er Piso. Col. Polanco&#8230;<\/p>\n","protected":false},"author":1,"featured_media":0,"parent":0,"menu_order":0,"comment_status":"closed","ping_status":"closed","template":"","meta":{"footnotes":""},"class_list":["post-644","page","type-page","status-publish","hentry"],"yoast_head":"<!-- This site is optimized with the Yoast SEO plugin v27.3 - https:\/\/yoast.com\/product\/yoast-seo-wordpress\/ -->\n<title>Privacy Notice - IBI Languages<\/title>\n<meta name=\"robots\" content=\"index, follow, max-snippet:-1, max-image-preview:large, max-video-preview:-1\" \/>\n<link rel=\"canonical\" href=\"https:\/\/www.ibilanguages.com\/en\/privacy-notice\/\" \/>\n<meta property=\"og:locale\" content=\"en_US\" \/>\n<meta property=\"og:type\" content=\"article\" \/>\n<meta property=\"og:title\" content=\"Privacy Notice - IBI Languages\" \/>\n<meta property=\"og:description\" content=\"[vc_row css_animation=&#8221;&#8221; row_type=&#8221;row&#8221; use_row_as_full_screen_section=&#8221;no&#8221; type=&#8221;full_width&#8221; angled_section=&#8221;no&#8221; text_align=&#8221;left&#8221; background_image_as_pattern=&#8221;without_pattern&#8221; css=&#8221;.vc_custom_1565215223018{padding-top: 30px !important;padding-bottom: 30px !important;}&#8221; z_index=&#8221;&#8221;][vc_column][vc_column_text]Instituto Brit\u00e1nico de Idiomas, S.C. -IBI Culture and Communication- located at IBI Culture and Communication c\/o The Hyatt Business Centre, Hotel Hyatt Regency Mexico City, Campos El\u00edseos 204, 1er Piso. Col. Polanco...\" \/>\n<meta property=\"og:url\" content=\"https:\/\/www.ibilanguages.com\/en\/privacy-notice\/\" \/>\n<meta property=\"og:site_name\" content=\"IBI Languages\" \/>\n<meta property=\"article:modified_time\" content=\"2021-05-25T17:53:16+00:00\" \/>\n<meta name=\"twitter:card\" content=\"summary_large_image\" \/>\n<meta name=\"twitter:label1\" content=\"Est. reading time\" \/>\n\t<meta name=\"twitter:data1\" content=\"2 minutes\" \/>\n<script type=\"application\/ld+json\" class=\"yoast-schema-graph\">{\"@context\":\"https:\\\/\\\/schema.org\",\"@graph\":[{\"@type\":\"WebPage\",\"@id\":\"https:\\\/\\\/www.ibilanguages.com\\\/en\\\/privacy-notice\\\/\",\"url\":\"https:\\\/\\\/www.ibilanguages.com\\\/en\\\/privacy-notice\\\/\",\"name\":\"Privacy Notice - IBI Languages\",\"isPartOf\":{\"@id\":\"https:\\\/\\\/www.ibilanguages.com\\\/en\\\/#website\"},\"datePublished\":\"2019-10-09T22:08:55+00:00\",\"dateModified\":\"2021-05-25T17:53:16+00:00\",\"breadcrumb\":{\"@id\":\"https:\\\/\\\/www.ibilanguages.com\\\/en\\\/privacy-notice\\\/#breadcrumb\"},\"inLanguage\":\"en-US\",\"potentialAction\":[{\"@type\":\"ReadAction\",\"target\":[\"https:\\\/\\\/www.ibilanguages.com\\\/en\\\/privacy-notice\\\/\"]}]},{\"@type\":\"BreadcrumbList\",\"@id\":\"https:\\\/\\\/www.ibilanguages.com\\\/en\\\/privacy-notice\\\/#breadcrumb\",\"itemListElement\":[{\"@type\":\"ListItem\",\"position\":1,\"name\":\"Portada\",\"item\":\"https:\\\/\\\/www.ibilanguages.com\\\/en\\\/\"},{\"@type\":\"ListItem\",\"position\":2,\"name\":\"Privacy Notice\"}]},{\"@type\":\"WebSite\",\"@id\":\"https:\\\/\\\/www.ibilanguages.com\\\/en\\\/#website\",\"url\":\"https:\\\/\\\/www.ibilanguages.com\\\/en\\\/\",\"name\":\"IBI Languages\",\"description\":\"Culture and Communication\",\"potentialAction\":[{\"@type\":\"SearchAction\",\"target\":{\"@type\":\"EntryPoint\",\"urlTemplate\":\"https:\\\/\\\/www.ibilanguages.com\\\/en\\\/?s={search_term_string}\"},\"query-input\":{\"@type\":\"PropertyValueSpecification\",\"valueRequired\":true,\"valueName\":\"search_term_string\"}}],\"inLanguage\":\"en-US\"}]}<\/script>\n<!-- \/ Yoast SEO plugin. -->","yoast_head_json":{"title":"Privacy Notice - IBI Languages","robots":{"index":"index","follow":"follow","max-snippet":"max-snippet:-1","max-image-preview":"max-image-preview:large","max-video-preview":"max-video-preview:-1"},"canonical":"https:\/\/www.ibilanguages.com\/en\/privacy-notice\/","og_locale":"en_US","og_type":"article","og_title":"Privacy Notice - IBI Languages","og_description":"[vc_row css_animation=&#8221;&#8221; row_type=&#8221;row&#8221; use_row_as_full_screen_section=&#8221;no&#8221; type=&#8221;full_width&#8221; angled_section=&#8221;no&#8221; text_align=&#8221;left&#8221; background_image_as_pattern=&#8221;without_pattern&#8221; css=&#8221;.vc_custom_1565215223018{padding-top: 30px !important;padding-bottom: 30px !important;}&#8221; z_index=&#8221;&#8221;][vc_column][vc_column_text]Instituto Brit\u00e1nico de Idiomas, S.C. -IBI Culture and Communication- located at IBI Culture and Communication c\/o The Hyatt Business Centre, Hotel Hyatt Regency Mexico City, Campos El\u00edseos 204, 1er Piso. Col. Polanco...","og_url":"https:\/\/www.ibilanguages.com\/en\/privacy-notice\/","og_site_name":"IBI Languages","article_modified_time":"2021-05-25T17:53:16+00:00","twitter_card":"summary_large_image","twitter_misc":{"Est. reading time":"2 minutes"},"schema":{"@context":"https:\/\/schema.org","@graph":[{"@type":"WebPage","@id":"https:\/\/www.ibilanguages.com\/en\/privacy-notice\/","url":"https:\/\/www.ibilanguages.com\/en\/privacy-notice\/","name":"Privacy Notice - IBI Languages","isPartOf":{"@id":"https:\/\/www.ibilanguages.com\/en\/#website"},"datePublished":"2019-10-09T22:08:55+00:00","dateModified":"2021-05-25T17:53:16+00:00","breadcrumb":{"@id":"https:\/\/www.ibilanguages.com\/en\/privacy-notice\/#breadcrumb"},"inLanguage":"en-US","potentialAction":[{"@type":"ReadAction","target":["https:\/\/www.ibilanguages.com\/en\/privacy-notice\/"]}]},{"@type":"BreadcrumbList","@id":"https:\/\/www.ibilanguages.com\/en\/privacy-notice\/#breadcrumb","itemListElement":[{"@type":"ListItem","position":1,"name":"Portada","item":"https:\/\/www.ibilanguages.com\/en\/"},{"@type":"ListItem","position":2,"name":"Privacy Notice"}]},{"@type":"WebSite","@id":"https:\/\/www.ibilanguages.com\/en\/#website","url":"https:\/\/www.ibilanguages.com\/en\/","name":"IBI Languages","description":"Culture and Communication","potentialAction":[{"@type":"SearchAction","target":{"@type":"EntryPoint","urlTemplate":"https:\/\/www.ibilanguages.com\/en\/?s={search_term_string}"},"query-input":{"@type":"PropertyValueSpecification","valueRequired":true,"valueName":"search_term_string"}}],"inLanguage":"en-US"}]}},"_links":{"self":[{"href":"https:\/\/www.ibilanguages.com\/en\/wp-json\/wp\/v2\/pages\/644","targetHints":{"allow":["GET"]}}],"collection":[{"href":"https:\/\/www.ibilanguages.com\/en\/wp-json\/wp\/v2\/pages"}],"about":[{"href":"https:\/\/www.ibilanguages.com\/en\/wp-json\/wp\/v2\/types\/page"}],"author":[{"embeddable":true,"href":"https:\/\/www.ibilanguages.com\/en\/wp-json\/wp\/v2\/users\/1"}],"replies":[{"embeddable":true,"href":"https:\/\/www.ibilanguages.com\/en\/wp-json\/wp\/v2\/comments?post=644"}],"version-history":[{"count":6,"href":"https:\/\/www.ibilanguages.com\/en\/wp-json\/wp\/v2\/pages\/644\/revisions"}],"predecessor-version":[{"id":1438,"href":"https:\/\/www.ibilanguages.com\/en\/wp-json\/wp\/v2\/pages\/644\/revisions\/1438"}],"wp:attachment":[{"href":"https:\/\/www.ibilanguages.com\/en\/wp-json\/wp\/v2\/media?parent=644"}],"curies":[{"name":"wp","href":"https:\/\/api.w.org\/{rel}","templated":true}]}}